{"id":462,"date":"2014-05-14T10:47:47","date_gmt":"2014-05-14T10:47:47","guid":{"rendered":"http:\/\/www.callejeromadrid.eu\/guia\/?page_id=462"},"modified":"2013-05-14T11:03:04","modified_gmt":"2013-05-14T11:03:04","slug":"telefonos-de-interes-de-madrid","status":"publish","type":"page","link":"https:\/\/www.callejeromadrid.eu\/guia\/telefonos-de-interes-de-madrid","title":{"rendered":"Tel\u00e9fonos de Inter\u00e9s de Madrid"},"content":{"rendered":"<p>Hemos seleccionado unos tel\u00e9fonos de la ciudad de Madrid, que le van ha facilitar mucho su viaje.<\/p>\n<table width=\"93%\" border=\"2\" cellpadding=\"3\" align=\"center\">\n<tbody>\n<tr bgcolor=\"#CCCCFF\">\n<td colspan=\"2\">\n<div align=\"center\"><strong>Tel\u00e9fonos de las Oficinas de Informaci\u00f3n y Turismo de Madrid<\/strong><\/div>\n<\/td>\n<\/tr>\n<tr>\n<td width=\"50%\">Tel\u00e9fono Oficina Informaci\u00f3n y Turismo\u00a0<strong>Madrid<\/strong><br \/>\nDuque de Medinaceli 2, 28014<\/td>\n<td width=\"50%\">\n<div align=\"center\">913 697 070<\/div>\n<\/td>\n<\/tr>\n<tr>\n<td width=\"50%\" height=\"22\">Tel\u00e9fono Oficina Informaci\u00f3n y Turismo\u00a0<strong>Madrid<\/strong>,<br \/>\nPlaza Mayor, 27,<\/td>\n<td width=\"50%\" height=\"22\">\n<div align=\"center\">91 588 16 36<\/div>\n<\/td>\n<\/tr>\n<tr>\n<td width=\"50%\" height=\"25\">Tel\u00e9fono Oficina Informaci\u00f3n y Turismo\u00a0<strong>Madrid<\/strong><strong>Aeropuerto<\/strong><\/td>\n<td width=\"50%\" height=\"25\">\n<div align=\"center\">91 305 86 56<\/div>\n<\/td>\n<\/tr>\n<tr>\n<td width=\"50%\" height=\"8\">Tel\u00e9fono Oficina Informaci\u00f3n y Turismo\u00a0<strong>Madrid<\/strong><br \/>\nc\/ Duque de Medinacell, 2<\/td>\n<td width=\"50%\" height=\"8\">\n<div align=\"center\">91 429 49 51<\/div>\n<\/td>\n<\/tr>\n<tr>\n<td width=\"50%\" height=\"18\">Tel\u00e9fono Oficina Informaci\u00f3n y Turismo\u00a0<strong>Madrid<\/strong>Estaci\u00f3n Atocha<\/td>\n<td width=\"50%\" height=\"18\">\n<div align=\"center\">902 100 007<\/div>\n<\/td>\n<\/tr>\n<tr>\n<td width=\"50%\" height=\"21\">Tel\u00e9fono Oficina Informaci\u00f3n y Turismo\u00a0<strong>Madrid<\/strong>Estaci\u00f3n Chamart\u00edn<\/td>\n<td width=\"50%\" height=\"21\">\n<div align=\"center\">91 315 99 76<\/div>\n<\/td>\n<\/tr>\n<tr>\n<td width=\"50%\" height=\"18\">Patronato Municpal Tur\u00edsmo de<strong>\u00a0Madrid<\/strong><\/td>\n<td width=\"50%\" height=\"18\">\n<div align=\"center\">91 588 29 00<\/div>\n<\/td>\n<\/tr>\n<tr bgcolor=\"#CCCCFF\">\n<td colspan=\"2\">\n<div align=\"center\"><strong>Tel\u00e9fonos de las Instituciones Administrativas de Madrid<\/strong><\/div>\n<\/td>\n<\/tr>\n<tr>\n<td width=\"50%\" height=\"15\">Tel\u00e9fono Ayuntamiento Madrid<\/td>\n<td width=\"50%\" height=\"15\">\n<div align=\"center\">91 588 10 00<\/div>\n<\/td>\n<\/tr>\n<tr>\n<td width=\"50%\" height=\"15\">Tel\u00e9fono Oficina Atenci\u00f3n ciudadana Ayuntamiento<\/td>\n<td width=\"50%\" height=\"15\">\n<div align=\"center\">012<\/div>\n<\/td>\n<\/tr>\n<tr>\n<td width=\"50%\">Tel\u00e9fono Diputaci\u00f3n<\/td>\n<td width=\"50%\">\n<div align=\"center\">91.538.35.00<\/div>\n<\/td>\n<\/tr>\n<tr>\n<td width=\"50%\" height=\"12\">Tel\u00e9fono Junta de Comunidad de Madrid<\/td>\n<td width=\"50%\" height=\"12\">\n<div align=\"center\">012<\/div>\n<\/td>\n<\/tr>\n<tr bgcolor=\"#CCCCFF\">\n<td colspan=\"2\">\n<div align=\"center\"><strong>Tel\u00e9fonos de Transportes de Madrid<\/strong><\/div>\n<\/td>\n<\/tr>\n<tr>\n<td width=\"50%\">Tel\u00e9fono Aeropuerto Madrid Barajas<\/td>\n<td width=\"50%\">\n<div align=\"center\">91 305 83 43<\/div>\n<\/td>\n<\/tr>\n<tr>\n<td width=\"50%\">Tel\u00e9fono RENFE-FEVE Madrid<\/td>\n<td width=\"50%\">\n<div align=\"center\">902 24 02 02<\/div>\n<\/td>\n<\/tr>\n<tr>\n<td width=\"50%\">Tel\u00e9fono Compa\u00f1\u00eda Autobuses Urbanos EMT Madrid<\/td>\n<td width=\"50%\">\n<div align=\"center\">902 50 78 50<\/div>\n<\/td>\n<\/tr>\n<tr>\n<td width=\"50%\">Tel\u00e9fono Direcci\u00f3n Nacional de Tr\u00e1fico<\/td>\n<td width=\"50%\">\n<div align=\"center\">900 123 505<\/div>\n<\/td>\n<\/tr>\n<tr>\n<td width=\"50%\">Tel\u00e9fono Jefatura provincial de Tr\u00e1fico Madrid<\/td>\n<td width=\"50%\">\n<div align=\"center\">91 533 53 00<\/div>\n<\/td>\n<\/tr>\n<tr bgcolor=\"#CCCCFF\">\n<td colspan=\"2\">\n<div align=\"center\"><strong>Tel\u00e9fonos de Urgencias de Madrid<\/strong><\/div>\n<\/td>\n<\/tr>\n<tr>\n<td width=\"50%\">Tel\u00e9fono Emergencias Madrid<\/td>\n<td width=\"50%\">\n<div align=\"center\">112<\/div>\n<\/td>\n<\/tr>\n<tr>\n<td width=\"50%\">Tel\u00e9fono Policia Nacional Madrid<\/td>\n<td width=\"50%\">\n<div align=\"center\">091<\/div>\n<\/td>\n<\/tr>\n<tr>\n<td width=\"50%\">Tel\u00e9fono Policia Local Madrid<\/td>\n<td width=\"50%\">\n<div align=\"center\">092<\/div>\n<\/td>\n<\/tr>\n<tr>\n<td width=\"50%\">Tel\u00e9fono Guardia Civil Madrid<\/td>\n<td width=\"50%\">\n<div align=\"center\">062 &#8211; 91 514 60 00<\/div>\n<\/td>\n<\/tr>\n<tr>\n<td width=\"50%\">Tel\u00e9fono Protecci\u00f3n Civil Madrid<\/td>\n<td width=\"50%\">\n<div align=\"center\">91 537 31 00<\/div>\n<\/td>\n<\/tr>\n<tr>\n<td width=\"50%\">Tel\u00e9fono Cruz Roja Madrid<\/td>\n<td width=\"50%\">\n<div align=\"center\">91 522 22 22<\/div>\n<\/td>\n<\/tr>\n<tr>\n<td width=\"50%\">Tel\u00e9fono Seguridad Social y Urgencias SAMUR Madrid<\/td>\n<td width=\"50%\">\n<div align=\"center\">061<\/div>\n<\/td>\n<\/tr>\n<tr>\n<td width=\"50%\">Tel\u00e9fono Ambulancias Madrid<\/td>\n<td width=\"50%\">\n<div align=\"center\">061 \/ 91 479 93 61<\/div>\n<\/td>\n<\/tr>\n<tr>\n<td width=\"50%\">Tel\u00e9fono Bomberos Madrid<\/td>\n<td width=\"50%\">\n<div align=\"center\">080 &#8211; 085 &#8211; 092<\/div>\n<\/td>\n<\/tr>\n<tr>\n<td width=\"50%\" height=\"15\">Tel\u00e9fono Deposito de Veh\u00edculos-Gr\u00faa Madrid<\/td>\n<td width=\"50%\" height=\"15\">\n<div align=\"center\">91 435 06 66<\/div>\n<\/td>\n<\/tr>\n<tr>\n<td width=\"50%\" height=\"11\">Tel\u00e9fono Ayuda en Carretera<\/td>\n<td width=\"50%\" height=\"11\">\n<div align=\"center\">91 742 12 13<\/div>\n<\/td>\n<\/tr>\n<tr>\n<td width=\"50%\" height=\"11\">Tel\u00e9fono Teleruta<\/td>\n<td width=\"50%\" height=\"11\">\n<div align=\"center\">900 12 35 05<\/div>\n<\/td>\n<\/tr>\n<tr>\n<td colspan=\"2\" bgcolor=\"#CCCCFF\">\n<div align=\"center\"><strong>Tel\u00e9fonos de Candelaci\u00f3n de Tarjetas Bancarias de Espa\u00f1a<\/strong><\/div>\n<\/td>\n<\/tr>\n<tr>\n<td width=\"50%\">Tel\u00e9fono 4 B &#8211; VISA Electron &#8211; Master Card &#8211; VISA<\/td>\n<td width=\"50%\">\n<div align=\"center\">902114400 \/ 913626200<\/div>\n<\/td>\n<\/tr>\n<tr>\n<td width=\"50%\" height=\"23\">Tel\u00e9fono Dinner&#8217;s Club<\/td>\n<td width=\"50%\" height=\"23\">\n<div align=\"center\">902401112<\/div>\n<\/td>\n<\/tr>\n<tr>\n<td width=\"50%\" height=\"19\">Tel\u00e9fono Servired (VISA-VISA Electron-Master Card)<\/td>\n<td width=\"50%\" height=\"19\">\n<div align=\"center\">902192100<\/div>\n<\/td>\n<\/tr>\n<tr>\n<td width=\"50%\" height=\"19\">Tel\u00e9fono American Express<\/td>\n<td width=\"50%\" height=\"19\">\n<div align=\"center\">902375637<\/div>\n<\/td>\n<\/tr>\n<tr>\n<td width=\"50%\" height=\"21\">Tel\u00e9fono Red 6000<\/td>\n<td width=\"50%\" height=\"21\">\n<div align=\"center\">915965335<\/div>\n<\/td>\n<\/tr>\n<tr>\n<td width=\"50%\" height=\"18\">Tel\u00e9fono Caja Madrid<\/td>\n<td width=\"50%\" height=\"18\">\n<div align=\"center\">902246810<\/div>\n<\/td>\n<\/tr>\n<tr>\n<td width=\"50%\" height=\"2\">Tel\u00e9fono El Corte Ingl\u00e9s<\/td>\n<td width=\"50%\" height=\"2\">\n<div align=\"center\">901122122<\/div>\n<\/td>\n<\/tr>\n<tr>\n<td colspan=\"2\" bgcolor=\"#CCCCFF\"><\/td>\n<\/tr>\n<\/tbody>\n<\/table>\n","protected":false},"excerpt":{"rendered":"<p>Hemos seleccionado unos tel\u00e9fonos de la ciudad de Madrid, que le van ha facilitar mucho su viaje. Tel\u00e9fonos de las Oficinas de Informaci\u00f3n y Turismo de Madrid Tel\u00e9fono Oficina Informaci\u00f3n y Turismo\u00a0Madrid Duque de Medinaceli 2, 28014 913 697 070 Tel\u00e9fono Oficina Informaci\u00f3n y Turismo\u00a0Madrid, Plaza Mayor, 27, 91 588 16 36 Tel\u00e9fono Oficina Informaci\u00f3n [&hellip;]<\/p>\n","protected":false},"author":1,"featured_media":0,"parent":0,"menu_order":0,"comment_status":"open","ping_status":"open","template":"","meta":{"footnotes":""},"class_list":["post-462","page","type-page","status-publish","hentry"],"_links":{"self":[{"href":"https:\/\/www.callejeromadrid.eu\/guia\/wp-json\/wp\/v2\/pages\/462","targetHints":{"allow":["GET"]}}],"collection":[{"href":"https:\/\/www.callejeromadrid.eu\/guia\/wp-json\/wp\/v2\/pages"}],"about":[{"href":"https:\/\/www.callejeromadrid.eu\/guia\/wp-json\/wp\/v2\/types\/page"}],"author":[{"embeddable":true,"href":"https:\/\/www.callejeromadrid.eu\/guia\/wp-json\/wp\/v2\/users\/1"}],"replies":[{"embeddable":true,"href":"https:\/\/www.callejeromadrid.eu\/guia\/wp-json\/wp\/v2\/comments?post=462"}],"version-history":[{"count":1,"href":"https:\/\/www.callejeromadrid.eu\/guia\/wp-json\/wp\/v2\/pages\/462\/revisions"}],"predecessor-version":[{"id":463,"href":"https:\/\/www.callejeromadrid.eu\/guia\/wp-json\/wp\/v2\/pages\/462\/revisions\/463"}],"wp:attachment":[{"href":"https:\/\/www.callejeromadrid.eu\/guia\/wp-json\/wp\/v2\/media?parent=462"}],"curies":[{"name":"wp","href":"https:\/\/api.w.org\/{rel}","templated":true}]}}